{"id":3260,"date":"2024-01-24T16:02:29","date_gmt":"2024-01-24T15:02:29","guid":{"rendered":"https:\/\/emlab.fr\/?page_id=3260"},"modified":"2025-12-04T10:47:55","modified_gmt":"2025-12-04T09:47:55","slug":"representants-deleves","status":"publish","type":"page","link":"https:\/\/emlab.fr\/?page_id=3260","title":{"rendered":"Repr\u00e9sentants d&rsquo;\u00e9l\u00e8ves"},"content":{"rendered":"\n<figure class=\"wp-block-image size-large\"><img loading=\"lazy\" decoding=\"async\" width=\"724\" height=\"1024\" src=\"https:\/\/emlab.fr\/wp-content\/uploads\/2025\/12\/Representants-d-eleves-2025-2026-724x1024.png\" alt=\"\" class=\"wp-image-6018\" srcset=\"https:\/\/emlab.fr\/wp-content\/uploads\/2025\/12\/Representants-d-eleves-2025-2026-724x1024.png 724w, https:\/\/emlab.fr\/wp-content\/uploads\/2025\/12\/Representants-d-eleves-2025-2026-212x300.png 212w, https:\/\/emlab.fr\/wp-content\/uploads\/2025\/12\/Representants-d-eleves-2025-2026-768x1086.png 768w, https:\/\/emlab.fr\/wp-content\/uploads\/2025\/12\/Representants-d-eleves-2025-2026-1086x1536.png 1086w, https:\/\/emlab.fr\/wp-content\/uploads\/2025\/12\/Representants-d-eleves-2025-2026-1448x2048.png 1448w, https:\/\/emlab.fr\/wp-content\/uploads\/2025\/12\/Representants-d-eleves-2025-2026.png 1654w\" sizes=\"auto, (max-width: 724px) 100vw, 724px\" \/><\/figure>\n","protected":false},"excerpt":{"rendered":"","protected":false},"author":3,"featured_media":0,"parent":0,"menu_order":0,"comment_status":"closed","ping_status":"closed","template":"","meta":{"footnotes":""},"tags":[],"class_list":["post-3260","page","type-page","status-publish","hentry","without-featured-image"],"jetpack_sharing_enabled":true,"_links":{"self":[{"href":"https:\/\/emlab.fr\/index.php?rest_route=\/wp\/v2\/pages\/3260","targetHints":{"allow":["GET"]}}],"collection":[{"href":"https:\/\/emlab.fr\/index.php?rest_route=\/wp\/v2\/pages"}],"about":[{"href":"https:\/\/emlab.fr\/index.php?rest_route=\/wp\/v2\/types\/page"}],"author":[{"embeddable":true,"href":"https:\/\/emlab.fr\/index.php?rest_route=\/wp\/v2\/users\/3"}],"replies":[{"embeddable":true,"href":"https:\/\/emlab.fr\/index.php?rest_route=%2Fwp%2Fv2%2Fcomments&post=3260"}],"version-history":[{"count":1,"href":"https:\/\/emlab.fr\/index.php?rest_route=\/wp\/v2\/pages\/3260\/revisions"}],"predecessor-version":[{"id":6021,"href":"https:\/\/emlab.fr\/index.php?rest_route=\/wp\/v2\/pages\/3260\/revisions\/6021"}],"wp:attachment":[{"href":"https:\/\/emlab.fr\/index.php?rest_route=%2Fwp%2Fv2%2Fmedia&parent=3260"}],"wp:term":[{"taxonomy":"post_tag","embeddable":true,"href":"https:\/\/emlab.fr\/index.php?rest_route=%2Fwp%2Fv2%2Ftags&post=3260"}],"curies":[{"name":"wp","href":"https:\/\/api.w.org\/{rel}","templated":true}]}}