{"id":390,"date":"2019-01-08T14:34:40","date_gmt":"2019-01-08T13:34:40","guid":{"rendered":"https:\/\/emlab.fr\/?page_id=390"},"modified":"2025-12-04T10:46:56","modified_gmt":"2025-12-04T09:46:56","slug":"documents","status":"publish","type":"page","link":"https:\/\/emlab.fr\/?page_id=390","title":{"rendered":"Documents :"},"content":{"rendered":"\n<h2 class=\"wp-block-heading\"><span style=\"text-decoration: underline\"><strong>Membres du bureau et repr\u00e9sentants des \u00e9l\u00e8ves &#8211; 2025\/202<\/strong><\/span><span style=\"text-decoration: underline\"><strong>6<\/strong><\/span><\/h2>\n\n\n\n<figure class=\"wp-block-image size-large\"><img loading=\"lazy\" decoding=\"async\" width=\"724\" height=\"1024\" src=\"https:\/\/emlab.fr\/wp-content\/uploads\/2025\/12\/membres-du-conseil-d_administration-724x1024.png\" alt=\"\" class=\"wp-image-6019\" srcset=\"https:\/\/emlab.fr\/wp-content\/uploads\/2025\/12\/membres-du-conseil-d_administration-724x1024.png 724w, https:\/\/emlab.fr\/wp-content\/uploads\/2025\/12\/membres-du-conseil-d_administration-212x300.png 212w, https:\/\/emlab.fr\/wp-content\/uploads\/2025\/12\/membres-du-conseil-d_administration-768x1086.png 768w, https:\/\/emlab.fr\/wp-content\/uploads\/2025\/12\/membres-du-conseil-d_administration-1086x1536.png 1086w, https:\/\/emlab.fr\/wp-content\/uploads\/2025\/12\/membres-du-conseil-d_administration-1448x2048.png 1448w, https:\/\/emlab.fr\/wp-content\/uploads\/2025\/12\/membres-du-conseil-d_administration.png 1654w\" sizes=\"auto, (max-width: 724px) 100vw, 724px\" \/><\/figure>\n\n\n\n<hr class=\"wp-block-separator has-alpha-channel-opacity\"\/>\n\n\n\n<h2 class=\"wp-block-heading\"><strong><span style=\"text-decoration: underline\">Contrat d&rsquo;Engagement R\u00e9publicain :<\/span><\/strong><\/h2>\n\n\n\n<div data-wp-interactive=\"core\/file\" class=\"wp-block-file\"><object data-wp-bind--hidden=\"!state.hasPdfPreview\" hidden class=\"wp-block-file__embed\" data=\"https:\/\/emlab.fr\/wp-content\/uploads\/2023\/09\/faq_cer_fevrier_2023_vf.pdf\" type=\"application\/pdf\" style=\"width:100%;height:600px\" aria-label=\"Contenu embarqu\u00e9 faq_cer_fevrier_2023_vf.\"><\/object><a id=\"wp-block-file--media-caf0519c-d40a-40d9-adca-b30e71c54dda\" href=\"https:\/\/emlab.fr\/wp-content\/uploads\/2023\/09\/faq_cer_fevrier_2023_vf.pdf\">faq_cer_fevrier_2023_vf<\/a><a href=\"https:\/\/emlab.fr\/wp-content\/uploads\/2023\/09\/faq_cer_fevrier_2023_vf.pdf\" class=\"wp-block-file__button wp-element-button\" download aria-describedby=\"wp-block-file--media-caf0519c-d40a-40d9-adca-b30e71c54dda\">T\u00e9l\u00e9charger<\/a><\/div>\n\n\n\n<p>En tant qu&rsquo;Association subventionn\u00e9e, l&rsquo;EMLAB souscrit au contrat d\u2019engagement r\u00e9publicain (CER) r\u00e9gi par les articles 10-1 et 25-1 de la loi<br>n\u00b02000-321 du 12 avril 2000 et son d\u00e9cret d\u2019application n\u00b02021-1947 du 31<br>d\u00e9cembre 2021 et s&rsquo;assure de respecter et faire respecter les 7 engagements du CER.<\/p>\n\n\n\n<hr class=\"wp-block-separator has-css-opacity\"\/>\n\n\n\n<h2 class=\"wp-block-heading\" id=\"reglement-interieur-de-l-ecole\"><strong><span style=\"text-decoration:underline\">R\u00e8glement int\u00e9rieur de l&rsquo;\u00e9cole : <\/span><\/strong><\/h2>\n\n\n\n<p>Vous pouvez \u00e0 tout moment consulter le r\u00e8glement int\u00e9rieur directement \u00e0 l&rsquo;entr\u00e9e de l&rsquo;\u00e9cole ou en t\u00e9l\u00e9chargeant le document ci-dessous. <\/p>\n\n\n\n<div data-wp-interactive=\"core\/file\" class=\"wp-block-file aligncenter\"><object data-wp-bind--hidden=\"!state.hasPdfPreview\" hidden class=\"wp-block-file__embed\" data=\"https:\/\/emlab.fr\/wp-content\/uploads\/2022\/11\/reglement-interieur-emlab-2022-2023.pdf\" type=\"application\/pdf\" style=\"width:100%;height:600px\" aria-label=\"Contenu embarqu\u00e9 reglement-interieur-emlab-2023-2024.\"><\/object><a id=\"wp-block-file--media-c2051453-f00d-4773-a907-95426da48004\" href=\"https:\/\/emlab.fr\/wp-content\/uploads\/2022\/11\/reglement-interieur-emlab-2022-2023.pdf\">reglement-interieur-emlab-2023-2024<\/a><a href=\"https:\/\/emlab.fr\/wp-content\/uploads\/2022\/11\/reglement-interieur-emlab-2022-2023.pdf\" class=\"wp-block-file__button wp-element-button\" download aria-describedby=\"wp-block-file--media-c2051453-f00d-4773-a907-95426da48004\">T\u00e9l\u00e9charger<\/a><\/div>\n\n\n\n<hr class=\"wp-block-separator has-css-opacity\"\/>\n\n\n\n<h2 class=\"wp-block-heading\" id=\"releve-d-identite-bancaire\"><strong><span style=\"text-decoration:underline\">Relev\u00e9 d&rsquo;Identit\u00e9 Bancaire :<\/span><\/strong><\/h2>\n\n\n\n<p>Pour proc\u00e9der au r\u00e8glement des frais trimestriels d&rsquo;inscription, vous pouvez proc\u00e9der par ch\u00e8que ou esp\u00e8ce directement au secr\u00e9tariat, <strong>ou par virement bancaire<\/strong> au moyen du RIB disponible ci-dessous au t\u00e9l\u00e9chargement : <\/p>\n\n\n\n<div data-wp-interactive=\"core\/file\" class=\"wp-block-file aligncenter\"><object data-wp-bind--hidden=\"!state.hasPdfPreview\" hidden class=\"wp-block-file__embed\" data=\"https:\/\/emlab.fr\/wp-content\/uploads\/2022\/11\/rib-credit-mutuel-1.pdf\" type=\"application\/pdf\" style=\"width:100%;height:600px\" aria-label=\"Contenu embarqu\u00e9 rib-credit-mutuel-1.\"><\/object><a id=\"wp-block-file--media-14c0b39e-92a6-4f85-9137-5e2b9b67fb3c\" href=\"https:\/\/emlab.fr\/wp-content\/uploads\/2022\/11\/rib-credit-mutuel-1.pdf\">rib-credit-mutuel-1<\/a><a href=\"https:\/\/emlab.fr\/wp-content\/uploads\/2022\/11\/rib-credit-mutuel-1.pdf\" class=\"wp-block-file__button wp-element-button\" download aria-describedby=\"wp-block-file--media-14c0b39e-92a6-4f85-9137-5e2b9b67fb3c\">T\u00e9l\u00e9charger<\/a><\/div>\n\n\n\n<p><\/p>\n\n\n\n<p><\/p>\n","protected":false},"excerpt":{"rendered":"<p>Membres du bureau et repr\u00e9sentants des \u00e9l\u00e8ves &#8211; 2025\/2026 Contrat d&rsquo;Engagement R\u00e9publicain : En tant qu&rsquo;Association subventionn\u00e9e, l&rsquo;EMLAB souscrit au contrat d\u2019engagement r\u00e9publicain (CER) r\u00e9gi par les articles 10-1 et 25-1 de la loin\u00b02000-321 du 12 avril 2000 et son d\u00e9cret d\u2019application n\u00b02021-1947 du 31d\u00e9cembre 2021 et s&rsquo;assure de respecter et faire respecter les 7&hellip; <a href=\"https:\/\/emlab.fr\/?page_id=390\" class=\"more-link\">Lire la suite <span class=\"screen-reader-text\">Documents :<\/span><\/a><\/p>\n","protected":false},"author":3,"featured_media":0,"parent":0,"menu_order":0,"comment_status":"closed","ping_status":"closed","template":"","meta":{"footnotes":""},"tags":[],"class_list":["post-390","page","type-page","status-publish","hentry","without-featured-image"],"jetpack_sharing_enabled":true,"_links":{"self":[{"href":"https:\/\/emlab.fr\/index.php?rest_route=\/wp\/v2\/pages\/390","targetHints":{"allow":["GET"]}}],"collection":[{"href":"https:\/\/emlab.fr\/index.php?rest_route=\/wp\/v2\/pages"}],"about":[{"href":"https:\/\/emlab.fr\/index.php?rest_route=\/wp\/v2\/types\/page"}],"author":[{"embeddable":true,"href":"https:\/\/emlab.fr\/index.php?rest_route=\/wp\/v2\/users\/3"}],"replies":[{"embeddable":true,"href":"https:\/\/emlab.fr\/index.php?rest_route=%2Fwp%2Fv2%2Fcomments&post=390"}],"version-history":[{"count":1,"href":"https:\/\/emlab.fr\/index.php?rest_route=\/wp\/v2\/pages\/390\/revisions"}],"predecessor-version":[{"id":6020,"href":"https:\/\/emlab.fr\/index.php?rest_route=\/wp\/v2\/pages\/390\/revisions\/6020"}],"wp:attachment":[{"href":"https:\/\/emlab.fr\/index.php?rest_route=%2Fwp%2Fv2%2Fmedia&parent=390"}],"wp:term":[{"taxonomy":"post_tag","embeddable":true,"href":"https:\/\/emlab.fr\/index.php?rest_route=%2Fwp%2Fv2%2Ftags&post=390"}],"curies":[{"name":"wp","href":"https:\/\/api.w.org\/{rel}","templated":true}]}}