{"id":392,"date":"2019-04-08T14:34:44","date_gmt":"2019-04-08T13:34:44","guid":{"rendered":"https:\/\/emlab.fr\/?page_id=392"},"modified":"2025-12-04T10:44:46","modified_gmt":"2025-12-04T09:44:46","slug":"formulaire-de-pre-inscription","status":"publish","type":"page","link":"https:\/\/emlab.fr\/?page_id=392","title":{"rendered":"Administratif"},"content":{"rendered":"\n<hr class=\"wp-block-separator has-css-opacity\"\/>\n\n\n\n<div data-wp-interactive=\"core\/file\" class=\"wp-block-file\"><object data-wp-bind--hidden=\"!state.hasPdfPreview\" hidden class=\"wp-block-file__embed\" data=\"https:\/\/emlab.fr\/wp-content\/uploads\/2024\/08\/fiche-inscription.pdf\" type=\"application\/pdf\" style=\"width:100%;height:600px\" aria-label=\"Contenu embarqu\u00e9 fiche-inscription.\"><\/object><a id=\"wp-block-file--media-61209b8b-1dca-40a1-92b3-2fda38efa2e1\" href=\"https:\/\/emlab.fr\/wp-content\/uploads\/2024\/08\/fiche-inscription.pdf\">fiche-inscription<\/a><a href=\"https:\/\/emlab.fr\/wp-content\/uploads\/2024\/08\/fiche-inscription.pdf\" class=\"wp-block-file__button wp-element-button\" download aria-describedby=\"wp-block-file--media-61209b8b-1dca-40a1-92b3-2fda38efa2e1\">T\u00e9l\u00e9charger<\/a><\/div>\n\n\n\n<p><\/p>\n\n\n\n<h2 class=\"wp-block-heading\"><strong><span style=\"text-decoration:underline\">Frais d&rsquo;inscription :<\/span><\/strong> <\/h2>\n\n\n\n<figure class=\"wp-block-table\"><table class=\"has-background\" style=\"background-color:#fcf0ef\"><tbody><tr><td> Attention : pour calculer votre quotient familial, nous vous remercions de vous pr\u00e9senter au secr\u00e9tariat avant les vacances de la toussaint munis de votre dernier <strong>avis d&rsquo;imposition <\/strong>ainsi que votre <strong>attestation de la CAF<\/strong>.   <\/td><\/tr><\/tbody><\/table><\/figure>\n\n\n\n<p>Apr\u00e8s validation de votre inscription, vous recevrez chaque trimestre votre appel \u00e0 cotisations par courrier postal. <br>Pour proc\u00e9der au r\u00e8glement des frais d&rsquo;inscription, vous pouvez proc\u00e9der par ch\u00e8que ou esp\u00e8ces directement sur place, <strong><span style=\"text-decoration:underline\">ou par virement bancaire<\/span><\/strong>. Pour ce faire, t\u00e9l\u00e9chargez le RIB ci-dessous : <\/p>\n\n\n\n<div data-wp-interactive=\"core\/file\" class=\"wp-block-file\"><object data-wp-bind--hidden=\"!state.hasPdfPreview\" hidden class=\"wp-block-file__embed\" data=\"https:\/\/emlab.fr\/wp-content\/uploads\/2024\/08\/emlab-rib-credit-mutuel-2023.pdf\" type=\"application\/pdf\" style=\"width:100%;height:600px\" aria-label=\"Contenu embarqu\u00e9 EMLAB RIB CREDIT MUTUEL 2023.\"><\/object><a id=\"wp-block-file--media-8ba34018-dbca-4535-a162-3176c580678b\" href=\"https:\/\/emlab.fr\/wp-content\/uploads\/2024\/08\/emlab-rib-credit-mutuel-2023.pdf\">EMLAB RIB CREDIT MUTUEL 2023<\/a><a href=\"https:\/\/emlab.fr\/wp-content\/uploads\/2024\/08\/emlab-rib-credit-mutuel-2023.pdf\" class=\"wp-block-file__button wp-element-button\" download aria-describedby=\"wp-block-file--media-8ba34018-dbca-4535-a162-3176c580678b\">T\u00e9l\u00e9charger<\/a><\/div>\n\n\n\n<h2 class=\"wp-block-heading\"><\/h2>\n\n\n\n<p><\/p>\n","protected":false},"excerpt":{"rendered":"<p>Frais d&rsquo;inscription : Attention : pour calculer votre quotient familial, nous vous remercions de vous pr\u00e9senter au secr\u00e9tariat avant les vacances de la toussaint munis de votre dernier avis d&rsquo;imposition ainsi que votre attestation de la CAF. Apr\u00e8s validation de votre inscription, vous recevrez chaque trimestre votre appel \u00e0 cotisations par courrier postal. Pour proc\u00e9der&hellip; <a href=\"https:\/\/emlab.fr\/?page_id=392\" class=\"more-link\">Lire la suite <span class=\"screen-reader-text\">Administratif<\/span><\/a><\/p>\n","protected":false},"author":3,"featured_media":0,"parent":0,"menu_order":0,"comment_status":"closed","ping_status":"closed","template":"","meta":{"footnotes":""},"tags":[],"class_list":["post-392","page","type-page","status-publish","hentry","without-featured-image"],"jetpack_sharing_enabled":true,"_links":{"self":[{"href":"https:\/\/emlab.fr\/index.php?rest_route=\/wp\/v2\/pages\/392","targetHints":{"allow":["GET"]}}],"collection":[{"href":"https:\/\/emlab.fr\/index.php?rest_route=\/wp\/v2\/pages"}],"about":[{"href":"https:\/\/emlab.fr\/index.php?rest_route=\/wp\/v2\/types\/page"}],"author":[{"embeddable":true,"href":"https:\/\/emlab.fr\/index.php?rest_route=\/wp\/v2\/users\/3"}],"replies":[{"embeddable":true,"href":"https:\/\/emlab.fr\/index.php?rest_route=%2Fwp%2Fv2%2Fcomments&post=392"}],"version-history":[{"count":1,"href":"https:\/\/emlab.fr\/index.php?rest_route=\/wp\/v2\/pages\/392\/revisions"}],"predecessor-version":[{"id":6017,"href":"https:\/\/emlab.fr\/index.php?rest_route=\/wp\/v2\/pages\/392\/revisions\/6017"}],"wp:attachment":[{"href":"https:\/\/emlab.fr\/index.php?rest_route=%2Fwp%2Fv2%2Fmedia&parent=392"}],"wp:term":[{"taxonomy":"post_tag","embeddable":true,"href":"https:\/\/emlab.fr\/index.php?rest_route=%2Fwp%2Fv2%2Ftags&post=392"}],"curies":[{"name":"wp","href":"https:\/\/api.w.org\/{rel}","templated":true}]}}