{"id":400,"date":"2019-04-08T14:47:01","date_gmt":"2019-04-08T13:47:01","guid":{"rendered":"https:\/\/emlab.fr\/?page_id=400"},"modified":"2019-04-08T14:47:01","modified_gmt":"2019-04-08T13:47:01","slug":"partenaires","status":"publish","type":"page","link":"https:\/\/emlab.fr\/?page_id=400","title":{"rendered":"Partenaires"},"content":{"rendered":"\n<hr class=\"wp-block-separator has-alpha-channel-opacity\" \/>\n\n\n\n<div class=\"wp-block-media-text alignwide has-background\" style=\"background-color:#a1bc34;grid-template-columns:34% auto\"><figure class=\"wp-block-media-text__media\"><img decoding=\"async\" src=\"https:\/\/emlab.fr\/wp-content\/uploads\/2019\/08\/logo_site-e1549376676981-2.png?w=285\" alt=\"\" class=\"wp-image-626 size-full\" \/><\/figure><div class=\"wp-block-media-text__content\">\n<p class=\"has-text-align-center has-white-color has-text-color\" style=\"font-size:33px\"><strong>Ville de Br\u00e9tigny-sur-Orge<\/strong><br><a href=\"http:\/\/www.bretigny91.fr\/\">www.bretigny91.fr<\/a><\/p>\n<\/div><\/div>\n\n\n\n<hr class=\"wp-block-separator has-css-opacity\" \/>\n\n\n\n<div class=\"wp-block-media-text alignwide has-media-on-the-right has-background\" style=\"background-color:#cdefdf;grid-template-columns:auto 26%\"><div class=\"wp-block-media-text__content\">\n<p class=\"has-text-align-center\" style=\"font-size:31px\"><strong>L&rsquo;agglom\u00e9ration de Communes<br> <a href=\"https:\/\/www.coeuressonne.fr\/\">www.coeuressonne.fr<\/a> <\/strong><\/p>\n<\/div><figure class=\"wp-block-media-text__media\"><img decoding=\"async\" src=\"https:\/\/emlab.fr\/wp-content\/uploads\/2019\/08\/logo_coeuressone.png?w=460\" alt=\"\" class=\"wp-image-632 size-full\" \/><\/figure><\/div>\n\n\n\n<hr class=\"wp-block-separator has-css-opacity\" \/>\n\n\n\n<div class=\"wp-block-media-text alignwide has-background\" style=\"background-color:#c2e3f1;grid-template-columns:34% auto\"><figure class=\"wp-block-media-text__media\"><img decoding=\"async\" src=\"https:\/\/emlab.fr\/wp-content\/uploads\/2019\/08\/logomodif-1.png?w=295\" alt=\"\" class=\"wp-image-635 size-full\" \/><\/figure><div class=\"wp-block-media-text__content\">\n<p class=\"has-text-align-center\" style=\"font-size:33px\"><strong>Le d\u00e9partement<br> <a href=\"http:\/\/www.essonne.fr\/\">www.essonne.fr<\/a> <\/strong><\/p>\n<\/div><\/div>\n\n\n\n<hr class=\"wp-block-separator has-css-opacity\" \/>\n\n\n\n<div class=\"wp-block-media-text alignwide has-media-on-the-right has-background\" style=\"background-color:#f6d8f0;grid-template-columns:auto 44%\"><div class=\"wp-block-media-text__content\">\n<p class=\"has-text-align-center\" style=\"font-size:30px\"><strong>L&rsquo;\u00e9ducation Nationale<br> <a href=\"http:\/\/www.education.gouv.fr\/\">www.education.gouv.fr<\/a> <\/strong><\/p>\n<\/div><figure class=\"wp-block-media-text__media\"><img decoding=\"async\" src=\"https:\/\/emlab.fr\/wp-content\/uploads\/2019\/08\/2018_menj_logo_horizontal_rvb_1019307.jpg?w=1024\" alt=\"\" class=\"wp-image-636 size-full\" \/><\/figure><\/div>\n\n\n\n<hr class=\"wp-block-separator has-css-opacity\" \/>\n\n\n\n<div class=\"wp-block-media-text alignwide has-background\" style=\"background-color:#c3deec;grid-template-columns:39% auto\"><figure class=\"wp-block-media-text__media\"><img decoding=\"async\" src=\"https:\/\/emlab.fr\/wp-content\/uploads\/2019\/08\/footer_logo_ameli.png?w=235\" alt=\"\" class=\"wp-image-643 size-full\" \/><\/figure><div class=\"wp-block-media-text__content\">\n<p class=\"has-text-align-center\" style=\"font-size:32px\"><strong>La CPAM<br> <a href=\"https:\/\/www.ameli.fr\/\">https:\/\/www.ameli.fr\/<\/a><\/strong> <\/p>\n<\/div><\/div>\n\n\n\n<hr class=\"wp-block-separator has-css-opacity\" \/>\n\n\n\n<div class=\"wp-block-media-text alignwide has-media-on-the-right is-stacked-on-mobile\" style=\"grid-template-columns:auto 45%\"><div class=\"wp-block-media-text__content\">\n<p class=\"has-text-align-center\" style=\"font-size:26px\"><strong><span style=\"text-decoration:underline\">Le Rack&rsquo;Am<\/span><\/strong><br><a href=\"https:\/\/www.lerackam.com\/\">https:\/\/www.lerackam.com\/<\/a><\/p>\n<\/div><figure class=\"wp-block-media-text__media\"><img decoding=\"async\" src=\"https:\/\/emlab.fr\/wp-content\/uploads\/2020\/05\/siteon0-e5814.png?w=607\" alt=\"\" class=\"wp-image-1104 size-full\" \/><\/figure><\/div>\n\n\n\n<hr class=\"wp-block-separator has-css-opacity\" \/>\n\n\n\n<div class=\"wp-block-media-text alignwide has-background\" style=\"background-color:#fe3d3d;grid-template-columns:30% auto\"><figure class=\"wp-block-media-text__media\"><img decoding=\"async\" src=\"https:\/\/emlab.fr\/wp-content\/uploads\/2023\/03\/logo-credit-mutuel-une-1.png?w=250\" alt=\"\" class=\"wp-image-2702 size-full\" \/><\/figure><div class=\"wp-block-media-text__content\">\n<p class=\"has-text-align-center has-white-color has-text-color\" style=\"font-size:30px\">Cr\u00e9dit Mutuel<br>https:\/\/www.creditmutuel.fr<\/p>\n<\/div><\/div>\n\n\n\n<p><\/p>\n","protected":false},"excerpt":{"rendered":"<p>Ville de Br\u00e9tigny-sur-Orgewww.bretigny91.fr L&rsquo;agglom\u00e9ration de Communes www.coeuressonne.fr Le d\u00e9partement www.essonne.fr L&rsquo;\u00e9ducation Nationale www.education.gouv.fr La CPAM https:\/\/www.ameli.fr\/ Le Rack&rsquo;Amhttps:\/\/www.lerackam.com\/ Cr\u00e9dit Mutuelhttps:\/\/www.creditmutuel.fr<\/p>\n","protected":false},"author":3,"featured_media":0,"parent":0,"menu_order":0,"comment_status":"closed","ping_status":"closed","template":"","meta":{"footnotes":""},"tags":[],"class_list":["post-400","page","type-page","status-publish","hentry","without-featured-image"],"jetpack_sharing_enabled":true,"_links":{"self":[{"href":"https:\/\/emlab.fr\/index.php?rest_route=\/wp\/v2\/pages\/400","targetHints":{"allow":["GET"]}}],"collection":[{"href":"https:\/\/emlab.fr\/index.php?rest_route=\/wp\/v2\/pages"}],"about":[{"href":"https:\/\/emlab.fr\/index.php?rest_route=\/wp\/v2\/types\/page"}],"author":[{"embeddable":true,"href":"https:\/\/emlab.fr\/index.php?rest_route=\/wp\/v2\/users\/3"}],"replies":[{"embeddable":true,"href":"https:\/\/emlab.fr\/index.php?rest_route=%2Fwp%2Fv2%2Fcomments&post=400"}],"version-history":[{"count":0,"href":"https:\/\/emlab.fr\/index.php?rest_route=\/wp\/v2\/pages\/400\/revisions"}],"wp:attachment":[{"href":"https:\/\/emlab.fr\/index.php?rest_route=%2Fwp%2Fv2%2Fmedia&parent=400"}],"wp:term":[{"taxonomy":"post_tag","embeddable":true,"href":"https:\/\/emlab.fr\/index.php?rest_route=%2Fwp%2Fv2%2Ftags&post=400"}],"curies":[{"name":"wp","href":"https:\/\/api.w.org\/{rel}","templated":true}]}}