{"id":5146,"date":"2025-04-08T17:48:59","date_gmt":"2025-04-08T16:48:59","guid":{"rendered":"https:\/\/emlab.fr\/?page_id=5146"},"modified":"2026-02-11T10:39:19","modified_gmt":"2026-02-11T09:39:19","slug":"historique","status":"publish","type":"page","link":"https:\/\/emlab.fr\/?page_id=5146","title":{"rendered":"Historique"},"content":{"rendered":"\n<p><em>Quelques <\/em>explications &#8230;<\/p>\n\n\n\n<p>1897-2017: 120 ans de la Soci\u00e9t\u00e9 Musicale L&rsquo;Avenir<\/p>\n\n\n\n<p>C&rsquo;est le 20 juin 1897 \u00e0 15h, en la Mairie de Br\u00e9tigny-sur-Orge, que na\u00eet La Soci\u00e9t\u00e9 Musicale. De ses d\u00e9buts en tant qu&rsquo;ensemble de cuivres \u00e0 aujourd&rsquo;hui, orchestre d&rsquo;harmonie, il a particip\u00e9 activement \u00e0 la vie Br\u00e9tignolaise et aux festivit\u00e9s culturelles municipales.<\/p>\n\n\n\n<p>Le spectacle \u00ab J&rsquo;ai fait un r\u00eave \u00bb a \u00e9t\u00e9 con\u00e7u comme spectacle ludique reprenant quelques d\u00e9tails de l&rsquo;association et de la ville de Br\u00e9tigny-sur-Orge (figures embl\u00e9matiques, anecdotes, missions de l&rsquo;orchestre). Il retrace \u00e9galement la vie au sein d&rsquo;un orchestre.<\/p>\n\n\n\n<p><strong>Le village des Lilliputiens, une m\u00e9taphore de l&rsquo;orchestre <\/strong><strong>(Acte 1)<\/strong><\/p>\n\n\n\n<p>La vie dans un orchestre est plus complexe qu&rsquo;on ne le pense! Retardataire, traqueur, pointilleux, timide, observateur, s\u00fbre de soi, diverses personnalit\u00e9s s&rsquo;expriment et inscrivent l&rsquo;orchestre dans un syst\u00e8me de type microsoci\u00e9t\u00e9, qui demande une d\u00e9mocratie bien pens\u00e9e pour \u00e9viter l&rsquo;anarchie ! Sans parler des distinctions entre les diff\u00e9rentes familles instrumentales (bois, cuivres, percussions) qui am\u00e8nent \u00e0 des taquineries entre les musiciens. L&rsquo;orchestre a alors un r\u00f4le social non n\u00e9gligeable. Et il a cela de magique que par la musique les esprits se rencontrent, des amiti\u00e9s se cr\u00e9ent bien au-del\u00e0 des chamailleries et de magnifiques projets artistiques nourrissent la passion de chaque musicien.<\/p>\n\n\n\n<p><strong>La f\u00eate du village des Lilliputiens<\/strong> fait r\u00e9f\u00e9rence \u00e0 la foire de Br\u00e9tigny-sur-Orge qui avait lieu au mois de mai. Y \u00e9tait organis\u00e9 un grand d\u00e9fil\u00e9 qui traversait la ville et ramenait les Br\u00e9tignolais au centre-ville pour faire la f\u00eate. La Soci\u00e9t\u00e9 Musicale L&rsquo;Avenir d\u00e9filait alors avec ses majorettes. Cela repr\u00e9sentait un grand moment de rencontre et de convivialit\u00e9 (man\u00e8ges, stands, musique participaient \u00e0 cette ambiance festive).<\/p>\n\n\n\n<p>Parmi les nombreux Lilliputiens, <strong>le chef du village<\/strong> reprend le r\u00f4le du c\u00e9l\u00e8bre <strong>Lucien Clause.<\/strong> Effectivement, cette figure embl\u00e9matique de la ville de Br\u00e9tigny-sur-Orge occupa un r\u00f4le important au sein de cette association. Jeune Lorrain, Lucien Clause, alors passionn\u00e9 de plantes, eut l&rsquo;id\u00e9e de produire ses propres graines \u00e0 Br\u00e9tigny-sur-Orge. La r\u00e9putation de qualit\u00e9 qui s&rsquo;attache aux graines du G\u00e2tinais et du Hurepoix et la proximit\u00e9 de la gare auront \u00e9t\u00e9 d\u00e9cisifs dans le choix de cette localit\u00e9 et de la ferme du Mesnil. La graine d&rsquo;\u00e9lite na\u00eetra de cette rencontre.<\/p>\n\n\n\n<p>En 1907, Lucien Clause se fait \u00e9lire pr\u00e9sident de l&rsquo;association et accorda comme une protection \u00e0 la Soci\u00e9t\u00e9 Musicale L&rsquo;Avenir durant certains temps difficiles.<\/p>\n\n\n\n<p><strong>Le garde champ\u00eatre et course-poursuite (<\/strong><strong>sc\u00e8nes d&rsquo;introduction)<\/strong><\/p>\n\n\n\n<p>Pendant la seconde guerre mondiale, Lucien BOUGET, ancien directeur de la Soci\u00e9t\u00e9 Musical L&rsquo;Avenir, s&rsquo;\u00e9ternisait parfois \u00e0 donner des cours de musique et d\u00e9passait l&rsquo;heure du couvre-feu. C&rsquo;est ainsi qu&rsquo;\u00e0 deux reprises des soci\u00e9taires seront arr\u00eat\u00e9s par les patrouilles allemandes, d&rsquo;autant plus vigilantes que Br\u00e9tigny-sur-Orge abrite le terrain d&rsquo;aviation. Cela se soldera par un accompagnement jusqu&rsquo;au domicile de chacun avec un retentissant coup de pied aux fesses \u00e0 certain blagueurs s&rsquo;\u00e9tant mis au garde-\u00e0-vous et la seconde fois par un petit tour \u00e0 la kommandantur. La protection de la Soci\u00e9t\u00e9 Musicale l&rsquo;Avenir par les usines Clause et Jacques JEANTET joua pour beaucoup dans la relative \u00ab&lt; impunit\u00e9 \u00bb des petits \u00e9carts de discipline de la Soci\u00e9t\u00e9 Musicale l&rsquo;Avenir.<\/p>\n\n\n\n<p>En 1933, Monsieur Emile AUCLAIR, Maire de Br\u00e9tigny, d\u00e9sire forcer la Soci\u00e9t\u00e9 Musicale L&rsquo;Avenir \u00e0 se municipaliser. En r\u00e9action et par esprit de contradiction, le 6 mai 1934 le nom de \u00ab&lt; fanfare municipale \u00bb est abandonn\u00e9 pour retourner \u00e0 celui de Soci\u00e9t\u00e9 Musicale l&rsquo;Avenir de Br\u00e9tigny-sur-Orge. Une Assembl\u00e9e G\u00e9n\u00e9rale extraordinaire du 17 juin 1935 continue ce mouvement en donnant une plus grande ind\u00e9pendance statutaire \u00e0 l&rsquo;association. S&rsquo;ensuivront pendant plusieurs ann\u00e9es courses- poursuites avec le garde champ\u00eatre, concerts sur des terrains priv\u00e9s pour narguer les autorit\u00e9s municipales, saisies des instruments et rachats par les usines Clause&#8230;<\/p>\n\n\n\n<p><strong>Les d\u00e9fil\u00e9s <\/strong><strong>\u00e0 la Soci\u00e9t\u00e9 Musicale l&rsquo;Avenir<\/strong><\/p>\n\n\n\n<p>Les comm\u00e9morations officielles font partie int\u00e9grante des missions de la Soci\u00e9t\u00e9 Musicale L&rsquo;Avenir. Les musiciens ont d&rsquo;ailleurs souvent connu cet ensemble lors de ses d\u00e9fil\u00e9s, ensemble qui n&rsquo;\u00e9tait constitu\u00e9 au d\u00e9part que d&rsquo;une section clairon\/tambour, autrement appel\u00e9e batterie\/fanfare. Depuis les grandes guerres, les c\u00e9r\u00e9monies officielles du 11 novembre et du 8 mai sont alors une des fonctions principales de l&rsquo;association.<\/p>\n\n\n\n<p><strong>Les voyages, la diversit\u00e9 du r\u00e9pertoire<\/strong><\/p>\n\n\n\n<p>Comme toutes les associations, qu&rsquo;elles soient musicales ou autres, la Soci\u00e9t\u00e9 Musicale l&rsquo;Avenir a organis\u00e9 au cours de son histoire beaucoup de sorties, voyages propices \u00e0 la d\u00e9couverte de paysages, d&rsquo;architectures vari\u00e9s, surtout \u00e0 une \u00e9poque o\u00f9 la majorit\u00e9 de nos concitoyens n&rsquo;avaient pas l&rsquo;habitude des d\u00e9parts en vacances pour des contr\u00e9es lointaines. Ainsi, \u00abl&rsquo;Avenir \u00bb a-t-elle aussi rempli cette mission d&rsquo;ouverture au monde m\u00eal\u00e9e \u00e0 un climat de fraternit\u00e9 et de bonne humeur.<\/p>\n\n\n\n<p>A partir de 1970, la tenue annuelle d&rsquo;une brasserie attirera chaque ann\u00e9e 5 \u00e0 600 personnes jusqu&rsquo;en 1990. Elle permettra d&rsquo;aborder un r\u00e9pertoire de musique l\u00e9g\u00e8re, des succ\u00e8s du Paris d&rsquo;entre-deux- guerres, des extraits de th\u00e8mes de Jazz, de vari\u00e9t\u00e9, etc.<\/p>\n\n\n\n<p><strong>L&rsquo;orchestre symphonique <\/strong><strong>(Acte 3 -sc\u00e8ne <\/strong><strong>2)<\/strong><\/p>\n\n\n\n<p>D\u00e9but des ann\u00e9es 1950, la cr\u00e9ation d&rsquo;une section cordes s&rsquo;ajoute \u00e0 l&rsquo;orchestre d&rsquo;harmonie de la Soci\u00e9t\u00e9 Musicale l&rsquo;Avenir et se maintiendra jusqu&rsquo;en 1990. Le d\u00e9sir de M. Bouget de r\u00e9unir les deux ensembles de cordes et harmonie, l&rsquo;am\u00e8ne \u00e0 cr\u00e9er l&rsquo;orchestre \u00ab&lt; Harmony-Symphonique \u00bb. L&rsquo;\u00e9cole se forme peu \u00e0 peu: Certains musiciens de l&rsquo;orchestre deviennent professeurs : clarinette, cor, trombone. Plusieurs musiciens professionnels (venant pour beaucoup de la Musique de l&rsquo;air) sont embauch\u00e9s comme professeurs (clarinette, cor, trombone).<\/p>\n\n\n\n<p><strong>Les r\u00e9p\u00e9titions<\/strong><\/p>\n\n\n\n<p>L&rsquo;\u0153uvre \u00ab&lt; La r\u00e9p\u00e9tition \u00bb de Nicolas Aza\u00efs, cr\u00e9\u00e9e pour l&rsquo;occasion permet de jouer une r\u00e9p\u00e9tition publique. D&rsquo;apr\u00e8s un extrait du finale de la Symphonie n1 de J. Brahms, lui-m\u00eame ayant \u00e9galement des allusions \u00e0 l&rsquo;Ode \u00e0 la Joie de L.Van Beethoven, l&rsquo;\u0153uvre suit une construction inverse \u00e0 ce qu&rsquo;il s&rsquo;\u00e9tait pass\u00e9 lors de l&rsquo;interpr\u00e9tation de la symphonie des Adieux de J. Haydn ! La \u00ab\u00a0r\u00e9p\u00e9tition\u00a0\u00bb commence on ignore ce que les musiciens jouent, quelques basses et bribes th\u00e9matiques se font entendre. A chaque \u00e9tape, plus la partition se construit ou plus d&rsquo;instruments se greffent, plus l&rsquo;\u0153uvre devient reconnaissable. Une sorte de jeu muni de plus en plus d&rsquo;indices. P\u00e9dagogiquement aussi, puisqu&rsquo;on r\u00e9alise l&rsquo;int\u00e9r\u00eat d&rsquo;un bon rythme ou du respect du texte, car les musiciens sont sens\u00e9s se tromper assez souvent pour en faire un gag. Brahms \u00e9tant d\u00e9c\u00e9d\u00e9 en 1897, la m\u00eame ann\u00e9e de la naissance de l&rsquo;association, \u00ab&lt; La r\u00e9p\u00e9tition \u00bb marque alors \u00e0 la fois les 120 ans de la mort de J. Brahms en f\u00eatant les 120 ans de la Soci\u00e9t\u00e9 Musicale L&rsquo;Avenir.<\/p>\n\n\n\n<p><strong>L&rsquo;Ecole de Musique L&rsquo;Avenir Chanson \u00ab&lt; Pour deux groupes <\/strong><strong>\u00bb<\/strong><\/p>\n\n\n\n<p>Depuis toujours, la Soci\u00e9t\u00e9 Musicale L&rsquo;Avenir a eu le souci d&rsquo;assurer le renouvellement et l&rsquo;accroissement-de-ses-membres. Former des \u00e9l\u00e8ves a constitu\u00e9 une t\u00e2che importante depuis tr\u00e8s longtemps. Ainsi, le conseil d&rsquo;administration du 8 Mars 1931 d\u00e9cide de cr\u00e9er un cours gratuit de solf\u00e8ge pris en charge par le sous-chef Paul LEROY. Apr\u00e8s la guerre, les cours se d\u00e9veloppent et sont pris en charge par les meilleurs des musiciens. Le 1er janvier 1989 na\u00eet officiellement l&rsquo;\u00c9cole de Musique pour continuer les enseignements d\u00e9j\u00e0 d\u00e9livr\u00e9s avec des moyens et une structure plus adapt\u00e9s (professeurs dipl\u00f4m\u00e9s, mont\u00e9e en puissance des effectifs d&rsquo;\u00e9l\u00e8ves et des t\u00e2ches administratives et financi\u00e8res : 40 \u00e9l\u00e8ves fin des ann\u00e9es 60, 100 en 1975, 200 en 1985). S&rsquo;ensuit la cr\u00e9ation d&rsquo;une chorale d&rsquo;adultes en 1990.<\/p>\n\n\n\n<p>La Soci\u00e9t\u00e9 musicale a tout naturellement vocation \u00e0 accueillir les \u00e9l\u00e8ves confirm\u00e9s, encadr\u00e9s par leurs professeurs. La pr\u00e9sence de ces derniers confirme les liens indispensables entre amateurs et professionnels. A l&rsquo;heure actuelle, les liens entre l&rsquo;\u00e9cole de musique et la soci\u00e9t\u00e9 musicale se renforcent, puisqu&rsquo;un projet de fusion entre les deux associations se construit. L&rsquo;Ecole et la Soci\u00e9t\u00e9 forment un tout indissociable qui repose sur la double t\u00e2che de l&rsquo;enseignement et de la diffusion de l&rsquo;art musical.<\/p>\n","protected":false},"excerpt":{"rendered":"<p>Quelques explications &#8230; 1897-2017: 120 ans de la Soci\u00e9t\u00e9 Musicale L&rsquo;Avenir C&rsquo;est le 20 juin 1897 \u00e0 15h, en la Mairie de Br\u00e9tigny-sur-Orge, que na\u00eet La Soci\u00e9t\u00e9 Musicale. De ses d\u00e9buts en tant qu&rsquo;ensemble de cuivres \u00e0 aujourd&rsquo;hui, orchestre d&rsquo;harmonie, il a particip\u00e9 activement \u00e0 la vie Br\u00e9tignolaise et aux festivit\u00e9s culturelles municipales. Le spectacle&hellip; <a href=\"https:\/\/emlab.fr\/?page_id=5146\" class=\"more-link\">Lire la suite <span class=\"screen-reader-text\">Historique<\/span><\/a><\/p>\n","protected":false},"author":3,"featured_media":0,"parent":0,"menu_order":0,"comment_status":"closed","ping_status":"closed","template":"","meta":{"footnotes":""},"tags":[],"class_list":["post-5146","page","type-page","status-publish","hentry","without-featured-image"],"jetpack_sharing_enabled":true,"_links":{"self":[{"href":"https:\/\/emlab.fr\/index.php?rest_route=\/wp\/v2\/pages\/5146","targetHints":{"allow":["GET"]}}],"collection":[{"href":"https:\/\/emlab.fr\/index.php?rest_route=\/wp\/v2\/pages"}],"about":[{"href":"https:\/\/emlab.fr\/index.php?rest_route=\/wp\/v2\/types\/page"}],"author":[{"embeddable":true,"href":"https:\/\/emlab.fr\/index.php?rest_route=\/wp\/v2\/users\/3"}],"replies":[{"embeddable":true,"href":"https:\/\/emlab.fr\/index.php?rest_route=%2Fwp%2Fv2%2Fcomments&post=5146"}],"version-history":[{"count":1,"href":"https:\/\/emlab.fr\/index.php?rest_route=\/wp\/v2\/pages\/5146\/revisions"}],"predecessor-version":[{"id":6297,"href":"https:\/\/emlab.fr\/index.php?rest_route=\/wp\/v2\/pages\/5146\/revisions\/6297"}],"wp:attachment":[{"href":"https:\/\/emlab.fr\/index.php?rest_route=%2Fwp%2Fv2%2Fmedia&parent=5146"}],"wp:term":[{"taxonomy":"post_tag","embeddable":true,"href":"https:\/\/emlab.fr\/index.php?rest_route=%2Fwp%2Fv2%2Ftags&post=5146"}],"curies":[{"name":"wp","href":"https:\/\/api.w.org\/{rel}","templated":true}]}}