{"id":517,"date":"2019-03-19T13:17:56","date_gmt":"2019-03-19T12:17:56","guid":{"rendered":"https:\/\/emlab.fr\/?page_id=2"},"modified":"2019-03-19T13:17:56","modified_gmt":"2019-03-19T12:17:56","slug":"a-propos","status":"publish","type":"page","link":"https:\/\/emlab.fr\/?page_id=517","title":{"rendered":"EMLAB = qui sommes nous ?"},"content":{"rendered":"\n<blockquote class=\"wp-block-quote is-layout-flow wp-block-quote-is-layout-flow\">\n<p>EMLAB pour l&rsquo;Ecole de Musique L&rsquo;Avenir de Br\u00e9tigny. <\/p>\n<\/blockquote>\n\n\n\n<p>L&rsquo;EMLAB, c&rsquo;est l&rsquo;histoire d&rsquo;une fusion entre l&rsquo;\u00e9cole de Musique de Br\u00e9tigny-sur-Orge et l&rsquo;orchestre d&rsquo;harmonie de La Soci\u00e9t\u00e9 Musicale l&rsquo;Avenir. <\/p>\n\n\n\n<p><\/p>\n","protected":false},"excerpt":{"rendered":"<p>EMLAB pour l&rsquo;Ecole de Musique L&rsquo;Avenir de Br\u00e9tigny. L&rsquo;EMLAB, c&rsquo;est l&rsquo;histoire d&rsquo;une fusion entre l&rsquo;\u00e9cole de Musique de Br\u00e9tigny-sur-Orge et l&rsquo;orchestre d&rsquo;harmonie de La Soci\u00e9t\u00e9 Musicale l&rsquo;Avenir.<\/p>\n","protected":false},"author":3,"featured_media":0,"parent":0,"menu_order":1,"comment_status":"closed","ping_status":"closed","template":"","meta":{"footnotes":""},"tags":[],"class_list":["post-517","page","type-page","status-publish","hentry","without-featured-image"],"jetpack_sharing_enabled":false,"_links":{"self":[{"href":"https:\/\/emlab.fr\/index.php?rest_route=\/wp\/v2\/pages\/517","targetHints":{"allow":["GET"]}}],"collection":[{"href":"https:\/\/emlab.fr\/index.php?rest_route=\/wp\/v2\/pages"}],"about":[{"href":"https:\/\/emlab.fr\/index.php?rest_route=\/wp\/v2\/types\/page"}],"author":[{"embeddable":true,"href":"https:\/\/emlab.fr\/index.php?rest_route=\/wp\/v2\/users\/3"}],"replies":[{"embeddable":true,"href":"https:\/\/emlab.fr\/index.php?rest_route=%2Fwp%2Fv2%2Fcomments&post=517"}],"version-history":[{"count":0,"href":"https:\/\/emlab.fr\/index.php?rest_route=\/wp\/v2\/pages\/517\/revisions"}],"wp:attachment":[{"href":"https:\/\/emlab.fr\/index.php?rest_route=%2Fwp%2Fv2%2Fmedia&parent=517"}],"wp:term":[{"taxonomy":"post_tag","embeddable":true,"href":"https:\/\/emlab.fr\/index.php?rest_route=%2Fwp%2Fv2%2Ftags&post=517"}],"curies":[{"name":"wp","href":"https:\/\/api.w.org\/{rel}","templated":true}]}}